{"id":246,"date":"2021-02-01T20:22:51","date_gmt":"2021-02-01T20:22:51","guid":{"rendered":"https:\/\/durazno.studio\/sitio2021\/?page_id=246"},"modified":"2021-02-26T21:59:32","modified_gmt":"2021-02-26T21:59:32","slug":"faq","status":"publish","type":"page","link":"https:\/\/durazno.studio\/en\/faq\/","title":{"rendered":"FAQ"},"content":{"rendered":"\t\t<div data-elementor-type=\"wp-page\" data-elementor-id=\"246\" class=\"elementor elementor-246\" data-elementor-post-type=\"page\">\n\t\t\t\t\t\t<section class=\"elementor-section elementor-top-section elementor-element elementor-element-bab2eef elementor-section-full_width elementor-section-stretched elementor-section-height-default elementor-section-height-default\" data-id=\"bab2eef\" data-element_type=\"section\" data-e-type=\"section\" data-settings=\"{&quot;stretch_section&quot;:&quot;section-stretched&quot;,&quot;motion_fx_motion_fx_scrolling&quot;:&quot;yes&quot;,&quot;motion_fx_translateY_effect&quot;:&quot;yes&quot;,&quot;motion_fx_translateY_speed&quot;:{&quot;unit&quot;:&quot;px&quot;,&quot;size&quot;:4,&quot;sizes&quot;:[]},&quot;motion_fx_translateY_affectedRange&quot;:{&quot;unit&quot;:&quot;%&quot;,&quot;size&quot;:&quot;&quot;,&quot;sizes&quot;:{&quot;start&quot;:0,&quot;end&quot;:100}},&quot;motion_fx_devices&quot;:[&quot;desktop&quot;,&quot;tablet&quot;,&quot;mobile&quot;]}\">\n\t\t\t\t\t\t<div class=\"elementor-container elementor-column-gap-custom\">\n\t\t\t\t\t<div class=\"elementor-column elementor-col-50 elementor-top-column elementor-element elementor-element-2d5379f\" data-id=\"2d5379f\" data-element_type=\"column\" data-e-type=\"column\">\n\t\t\t<div class=\"elementor-widget-wrap elementor-element-populated\">\n\t\t\t\t\t\t<div class=\"elementor-element elementor-element-50bc325 elementor-widget elementor-widget-heading\" data-id=\"50bc325\" data-element_type=\"widget\" data-e-type=\"widget\" data-widget_type=\"heading.default\">\n\t\t\t\t<div class=\"elementor-widget-container\">\n\t\t\t\t\t<h5 class=\"elementor-heading-title elementor-size-default\">\u00bfCu\u00e1nto demoro en tener una p\u00e1gina web?\n<\/h5>\t\t\t\t<\/div>\n\t\t\t\t<\/div>\n\t\t\t\t<div class=\"elementor-element elementor-element-ef8ffab elementor-widget elementor-widget-text-editor\" data-id=\"ef8ffab\" data-element_type=\"widget\" data-e-type=\"widget\" data-widget_type=\"text-editor.default\">\n\t\t\t\t<div class=\"elementor-widget-container\">\n\t\t\t\t\t\t\t\t\t<p>El tiempo de desarrollo var\u00eda seg\u00fan las necesidades de cada proyecto. Por lo general, el desarrollo lleva entre una y ocho semanas. Para obtener un estimado m\u00e1s acorde a tus necesidades, envianos un mensaje cont\u00e1ndonos sobre tu idea.<\/p>\t\t\t\t\t\t\t\t<\/div>\n\t\t\t\t<\/div>\n\t\t\t\t<div class=\"elementor-element elementor-element-f92d84c elementor-widget elementor-widget-heading\" data-id=\"f92d84c\" data-element_type=\"widget\" data-e-type=\"widget\" data-widget_type=\"heading.default\">\n\t\t\t\t<div class=\"elementor-widget-container\">\n\t\t\t\t\t<h5 class=\"elementor-heading-title elementor-size-default\">\u00bfCu\u00e1les son los m\u00e9todos de pago para contratar sus servicios?\n<\/h5>\t\t\t\t<\/div>\n\t\t\t\t<\/div>\n\t\t\t\t<div class=\"elementor-element elementor-element-7cbf325 elementor-widget elementor-widget-text-editor\" data-id=\"7cbf325\" data-element_type=\"widget\" data-e-type=\"widget\" data-widget_type=\"text-editor.default\">\n\t\t\t\t<div class=\"elementor-widget-container\">\n\t\t\t\t\t\t\t\t\tAceptamos transferencias bancarias como \u00fanico m\u00e9todo de pago. Ten\u00e9 en cuenta que las transferencias bancarias internacionales pueden tener un costo que no est\u00e1 incluido en la cotizaci\u00f3n.\t\t\t\t\t\t\t\t<\/div>\n\t\t\t\t<\/div>\n\t\t\t\t<div class=\"elementor-element elementor-element-564de95 elementor-widget elementor-widget-heading\" data-id=\"564de95\" data-element_type=\"widget\" data-e-type=\"widget\" data-widget_type=\"heading.default\">\n\t\t\t\t<div class=\"elementor-widget-container\">\n\t\t\t\t\t<h5 class=\"elementor-heading-title elementor-size-default\">\u00bfQu\u00e9 modalidades de pago ofrecen?\n<\/h5>\t\t\t\t<\/div>\n\t\t\t\t<\/div>\n\t\t\t\t<div class=\"elementor-element elementor-element-260d983 elementor-widget elementor-widget-text-editor\" data-id=\"260d983\" data-element_type=\"widget\" data-e-type=\"widget\" data-widget_type=\"text-editor.default\">\n\t\t\t\t<div class=\"elementor-widget-container\">\n\t\t\t\t\t\t\t\t\tTodos nuestros proyectos requieren una se\u00f1a del 50 % antes de comenzar el trabajo. El 50 % restante se cobra al publicar el sitio web.\t\t\t\t\t\t\t\t<\/div>\n\t\t\t\t<\/div>\n\t\t\t\t<div class=\"elementor-element elementor-element-614893a elementor-widget elementor-widget-heading\" data-id=\"614893a\" data-element_type=\"widget\" data-e-type=\"widget\" data-widget_type=\"heading.default\">\n\t\t\t\t<div class=\"elementor-widget-container\">\n\t\t\t\t\t<h5 class=\"elementor-heading-title elementor-size-default\">\u00bfCu\u00e1les son los programas que utilizan?\n<\/h5>\t\t\t\t<\/div>\n\t\t\t\t<\/div>\n\t\t\t\t<div class=\"elementor-element elementor-element-a121311 elementor-widget elementor-widget-text-editor\" data-id=\"a121311\" data-element_type=\"widget\" data-e-type=\"widget\" data-widget_type=\"text-editor.default\">\n\t\t\t\t<div class=\"elementor-widget-container\">\n\t\t\t\t\t\t\t\t\tPara la mayor\u00eda de los sitios usamos WordPress. En caso de preferir una plataforma diferente, contactanos para evaluarlo.\t\t\t\t\t\t\t\t<\/div>\n\t\t\t\t<\/div>\n\t\t\t\t\t<\/div>\n\t\t<\/div>\n\t\t\t\t<div class=\"elementor-column elementor-col-50 elementor-top-column elementor-element elementor-element-8beda3f\" data-id=\"8beda3f\" data-element_type=\"column\" data-e-type=\"column\">\n\t\t\t<div class=\"elementor-widget-wrap elementor-element-populated\">\n\t\t\t\t\t\t<div class=\"elementor-element elementor-element-e0f3d20 elementor-widget elementor-widget-heading\" data-id=\"e0f3d20\" data-element_type=\"widget\" data-e-type=\"widget\" data-widget_type=\"heading.default\">\n\t\t\t\t<div class=\"elementor-widget-container\">\n\t\t\t\t\t<h5 class=\"elementor-heading-title elementor-size-default\">\u00bfHacen trabajos personalizados?\n<\/h5>\t\t\t\t<\/div>\n\t\t\t\t<\/div>\n\t\t\t\t<div class=\"elementor-element elementor-element-e919a50 elementor-widget elementor-widget-text-editor\" data-id=\"e919a50\" data-element_type=\"widget\" data-e-type=\"widget\" data-widget_type=\"text-editor.default\">\n\t\t\t\t<div class=\"elementor-widget-container\">\n\t\t\t\t\t\t\t\t\tS\u00ed. Entendemos que cada iniciativa es \u00fanica y necesita soluciones diferentes para implementarse, por lo que nos adaptamos a tus necesidades con servicios de dise\u00f1o gr\u00e1fico, comunicaci\u00f3n visual, implementaci\u00f3n de dise\u00f1os preexistentes y todo lo necesario para que tu idea tenga el lugar que se merece en internet.\t\t\t\t\t\t\t\t<\/div>\n\t\t\t\t<\/div>\n\t\t\t\t<div class=\"elementor-element elementor-element-732f76f elementor-widget elementor-widget-heading\" data-id=\"732f76f\" data-element_type=\"widget\" data-e-type=\"widget\" data-widget_type=\"heading.default\">\n\t\t\t\t<div class=\"elementor-widget-container\">\n\t\t\t\t\t<h5 class=\"elementor-heading-title elementor-size-default\">\u00bfTiene costo el mantenimiento web?\n<\/h5>\t\t\t\t<\/div>\n\t\t\t\t<\/div>\n\t\t\t\t<div class=\"elementor-element elementor-element-725ee9d elementor-widget elementor-widget-text-editor\" data-id=\"725ee9d\" data-element_type=\"widget\" data-e-type=\"widget\" data-widget_type=\"text-editor.default\">\n\t\t\t\t<div class=\"elementor-widget-container\">\n\t\t\t\t\t\t\t\t\tS\u00ed. Tanto el dominio (URL del sitio), como el hosting (almacenamiento) y mantenimiento, tienen un costo anual. En caso de contratar estos servicios con nosotros, te enviaremos una cotizaci\u00f3n junto con el presupuesto del trabajo.\t\t\t\t\t\t\t\t<\/div>\n\t\t\t\t<\/div>\n\t\t\t\t<div class=\"elementor-element elementor-element-75aa10e elementor-widget elementor-widget-heading\" data-id=\"75aa10e\" data-element_type=\"widget\" data-e-type=\"widget\" data-widget_type=\"heading.default\">\n\t\t\t\t<div class=\"elementor-widget-container\">\n\t\t\t\t\t<h5 class=\"elementor-heading-title elementor-size-default\">\u00bfPuedo usar mi propio dominio y hosting?\n<\/h5>\t\t\t\t<\/div>\n\t\t\t\t<\/div>\n\t\t\t\t<div class=\"elementor-element elementor-element-8f66f71 elementor-widget elementor-widget-text-editor\" data-id=\"8f66f71\" data-element_type=\"widget\" data-e-type=\"widget\" data-widget_type=\"text-editor.default\">\n\t\t\t\t<div class=\"elementor-widget-container\">\n\t\t\t\t\t\t\t\t\tS\u00ed. En caso de que hayas comprado tu dominio o hosting con otra empresa, no es necesario transferirlos. De todas formas, te recomendamos contratar el servicio de mantenimiento, ya que asegura que tu sitio se mantenga actualizado y funcionando sin tener que asignar recursos propios para llevar adelante esta tarea.\t\t\t\t\t\t\t\t<\/div>\n\t\t\t\t<\/div>\n\t\t\t\t<div class=\"elementor-element elementor-element-265129b elementor-widget elementor-widget-heading\" data-id=\"265129b\" data-element_type=\"widget\" data-e-type=\"widget\" data-widget_type=\"heading.default\">\n\t\t\t\t<div class=\"elementor-widget-container\">\n\t\t\t\t\t<h5 class=\"elementor-heading-title elementor-size-default\">\u00bfEl perrito de la <a href=\"http:\/\/durazno.studio\/error\" target=\"_blank\" style=\"color: #eb74ff\">p\u00e1gina de error<\/a> es parte del equipo?<\/h5>\t\t\t\t<\/div>\n\t\t\t\t<\/div>\n\t\t\t\t<div class=\"elementor-element elementor-element-03f21f5 elementor-widget elementor-widget-text-editor\" data-id=\"03f21f5\" data-element_type=\"widget\" data-e-type=\"widget\" data-widget_type=\"text-editor.default\">\n\t\t\t\t<div class=\"elementor-widget-container\">\n\t\t\t\t\t\t\t\t\tS\u00ed, se llama Lupa y es la responsable de mantener la buena onda.\t\t\t\t\t\t\t\t<\/div>\n\t\t\t\t<\/div>\n\t\t\t\t\t<\/div>\n\t\t<\/div>\n\t\t\t\t\t<\/div>\n\t\t<\/section>\n\t\t\t\t<\/div>\n\t\t","protected":false},"excerpt":{"rendered":"<p>\u00bfCu\u00e1nto demoro en tener una p\u00e1gina web? El tiempo de desarrollo var\u00eda seg\u00fan las necesidades de cada proyecto. Por lo general, el desarrollo lleva entre una y ocho semanas. Para obtener un estimado m\u00e1s acorde a tus necesidades, envianos un mensaje cont\u00e1ndonos sobre tu idea. \u00bfCu\u00e1les son los m\u00e9todos de pago para contratar sus servicios? [&hellip;]<\/p>\n","protected":false},"author":1,"featured_media":0,"parent":0,"menu_order":0,"comment_status":"closed","ping_status":"closed","template":"elementor_theme","meta":{"nf_dc_page":"","_monsterinsights_skip_tracking":false,"_monsterinsights_sitenote_active":false,"_monsterinsights_sitenote_note":"","_monsterinsights_sitenote_category":0,"footnotes":""},"class_list":["post-246","page","type-page","status-publish","hentry"],"yoast_head":"<!-- This site is optimized with the Yoast SEO plugin v27.3 - https:\/\/yoast.com\/product\/yoast-seo-wordpress\/ -->\n<title>Preguntas frecuentes - Durazno Studio<\/title>\n<meta name=\"robots\" content=\"index, follow, max-snippet:-1, max-image-preview:large, max-video-preview:-1\" \/>\n<link rel=\"canonical\" href=\"https:\/\/durazno.studio\/en\/faq\/\" \/>\n<meta property=\"og:locale\" content=\"en_US\" \/>\n<meta property=\"og:type\" content=\"article\" \/>\n<meta property=\"og:title\" content=\"Preguntas frecuentes - Durazno Studio\" \/>\n<meta property=\"og:description\" content=\"\u00bfCu\u00e1nto demoro en tener una p\u00e1gina web? El tiempo de desarrollo var\u00eda seg\u00fan las necesidades de cada proyecto. Por lo general, el desarrollo lleva entre una y ocho semanas. Para obtener un estimado m\u00e1s acorde a tus necesidades, envianos un mensaje cont\u00e1ndonos sobre tu idea. \u00bfCu\u00e1les son los m\u00e9todos de pago para contratar sus servicios? [&hellip;]\" \/>\n<meta property=\"og:url\" content=\"https:\/\/durazno.studio\/en\/faq\/\" \/>\n<meta property=\"og:site_name\" content=\"Durazno Studio\" \/>\n<meta property=\"article:modified_time\" content=\"2021-02-26T21:59:32+00:00\" \/>\n<meta property=\"og:image\" content=\"https:\/\/durazno.studio\/wp-content\/uploads\/2021\/05\/pp.jpg\" \/>\n\t<meta property=\"og:image:width\" content=\"640\" \/>\n\t<meta property=\"og:image:height\" content=\"640\" \/>\n\t<meta property=\"og:image:type\" content=\"image\/jpeg\" \/>\n<meta name=\"twitter:card\" content=\"summary_large_image\" \/>\n<meta name=\"twitter:label1\" content=\"Est. reading time\" \/>\n\t<meta name=\"twitter:data1\" content=\"2 minutes\" \/>\n<script type=\"application\/ld+json\" class=\"yoast-schema-graph\">{\"@context\":\"https:\\\/\\\/schema.org\",\"@graph\":[{\"@type\":\"WebPage\",\"@id\":\"https:\\\/\\\/durazno.studio\\\/faq\\\/\",\"url\":\"https:\\\/\\\/durazno.studio\\\/faq\\\/\",\"name\":\"Preguntas frecuentes - Durazno Studio\",\"isPartOf\":{\"@id\":\"https:\\\/\\\/durazno.studio\\\/#website\"},\"datePublished\":\"2021-02-01T20:22:51+00:00\",\"dateModified\":\"2021-02-26T21:59:32+00:00\",\"breadcrumb\":{\"@id\":\"https:\\\/\\\/durazno.studio\\\/faq\\\/#breadcrumb\"},\"inLanguage\":\"en-US\",\"potentialAction\":[{\"@type\":\"ReadAction\",\"target\":[\"https:\\\/\\\/durazno.studio\\\/faq\\\/\"]}]},{\"@type\":\"BreadcrumbList\",\"@id\":\"https:\\\/\\\/durazno.studio\\\/faq\\\/#breadcrumb\",\"itemListElement\":[{\"@type\":\"ListItem\",\"position\":1,\"name\":\"Home\",\"item\":\"https:\\\/\\\/durazno.studio\\\/\"},{\"@type\":\"ListItem\",\"position\":2,\"name\":\"Preguntas frecuentes\"}]},{\"@type\":\"WebSite\",\"@id\":\"https:\\\/\\\/durazno.studio\\\/#website\",\"url\":\"https:\\\/\\\/durazno.studio\\\/\",\"name\":\"Durazno Studio\",\"description\":\"Donde las ideas se hacen digitales\",\"publisher\":{\"@id\":\"https:\\\/\\\/durazno.studio\\\/#organization\"},\"potentialAction\":[{\"@type\":\"SearchAction\",\"target\":{\"@type\":\"EntryPoint\",\"urlTemplate\":\"https:\\\/\\\/durazno.studio\\\/?s={search_term_string}\"},\"query-input\":{\"@type\":\"PropertyValueSpecification\",\"valueRequired\":true,\"valueName\":\"search_term_string\"}}],\"inLanguage\":\"en-US\"},{\"@type\":\"Organization\",\"@id\":\"https:\\\/\\\/durazno.studio\\\/#organization\",\"name\":\"Durazno.Studio\",\"url\":\"https:\\\/\\\/durazno.studio\\\/\",\"logo\":{\"@type\":\"ImageObject\",\"inLanguage\":\"en-US\",\"@id\":\"https:\\\/\\\/durazno.studio\\\/#\\\/schema\\\/logo\\\/image\\\/\",\"url\":\"https:\\\/\\\/durazno.studio\\\/wp-content\\\/uploads\\\/2021\\\/02\\\/logo-negro-04.png\",\"contentUrl\":\"https:\\\/\\\/durazno.studio\\\/wp-content\\\/uploads\\\/2021\\\/02\\\/logo-negro-04.png\",\"width\":2083,\"height\":615,\"caption\":\"Durazno.Studio\"},\"image\":{\"@id\":\"https:\\\/\\\/durazno.studio\\\/#\\\/schema\\\/logo\\\/image\\\/\"},\"sameAs\":[\"https:\\\/\\\/www.instagram.com\\\/durazno_studio\"]}]}<\/script>\n<!-- \/ Yoast SEO plugin. -->","yoast_head_json":{"title":"Preguntas frecuentes - Durazno Studio","robots":{"index":"index","follow":"follow","max-snippet":"max-snippet:-1","max-image-preview":"max-image-preview:large","max-video-preview":"max-video-preview:-1"},"canonical":"https:\/\/durazno.studio\/en\/faq\/","og_locale":"en_US","og_type":"article","og_title":"Preguntas frecuentes - Durazno Studio","og_description":"\u00bfCu\u00e1nto demoro en tener una p\u00e1gina web? El tiempo de desarrollo var\u00eda seg\u00fan las necesidades de cada proyecto. Por lo general, el desarrollo lleva entre una y ocho semanas. Para obtener un estimado m\u00e1s acorde a tus necesidades, envianos un mensaje cont\u00e1ndonos sobre tu idea. \u00bfCu\u00e1les son los m\u00e9todos de pago para contratar sus servicios? [&hellip;]","og_url":"https:\/\/durazno.studio\/en\/faq\/","og_site_name":"Durazno Studio","article_modified_time":"2021-02-26T21:59:32+00:00","og_image":[{"width":640,"height":640,"url":"https:\/\/durazno.studio\/wp-content\/uploads\/2021\/05\/pp.jpg","type":"image\/jpeg"}],"twitter_card":"summary_large_image","twitter_misc":{"Est. reading time":"2 minutes"},"schema":{"@context":"https:\/\/schema.org","@graph":[{"@type":"WebPage","@id":"https:\/\/durazno.studio\/faq\/","url":"https:\/\/durazno.studio\/faq\/","name":"Preguntas frecuentes - Durazno Studio","isPartOf":{"@id":"https:\/\/durazno.studio\/#website"},"datePublished":"2021-02-01T20:22:51+00:00","dateModified":"2021-02-26T21:59:32+00:00","breadcrumb":{"@id":"https:\/\/durazno.studio\/faq\/#breadcrumb"},"inLanguage":"en-US","potentialAction":[{"@type":"ReadAction","target":["https:\/\/durazno.studio\/faq\/"]}]},{"@type":"BreadcrumbList","@id":"https:\/\/durazno.studio\/faq\/#breadcrumb","itemListElement":[{"@type":"ListItem","position":1,"name":"Home","item":"https:\/\/durazno.studio\/"},{"@type":"ListItem","position":2,"name":"Preguntas frecuentes"}]},{"@type":"WebSite","@id":"https:\/\/durazno.studio\/#website","url":"https:\/\/durazno.studio\/","name":"Durazno Studio","description":"Donde las ideas se hacen digitales","publisher":{"@id":"https:\/\/durazno.studio\/#organization"},"potentialAction":[{"@type":"SearchAction","target":{"@type":"EntryPoint","urlTemplate":"https:\/\/durazno.studio\/?s={search_term_string}"},"query-input":{"@type":"PropertyValueSpecification","valueRequired":true,"valueName":"search_term_string"}}],"inLanguage":"en-US"},{"@type":"Organization","@id":"https:\/\/durazno.studio\/#organization","name":"Durazno.Studio","url":"https:\/\/durazno.studio\/","logo":{"@type":"ImageObject","inLanguage":"en-US","@id":"https:\/\/durazno.studio\/#\/schema\/logo\/image\/","url":"https:\/\/durazno.studio\/wp-content\/uploads\/2021\/02\/logo-negro-04.png","contentUrl":"https:\/\/durazno.studio\/wp-content\/uploads\/2021\/02\/logo-negro-04.png","width":2083,"height":615,"caption":"Durazno.Studio"},"image":{"@id":"https:\/\/durazno.studio\/#\/schema\/logo\/image\/"},"sameAs":["https:\/\/www.instagram.com\/durazno_studio"]}]}},"_links":{"self":[{"href":"https:\/\/durazno.studio\/en\/wp-json\/wp\/v2\/pages\/246","targetHints":{"allow":["GET"]}}],"collection":[{"href":"https:\/\/durazno.studio\/en\/wp-json\/wp\/v2\/pages"}],"about":[{"href":"https:\/\/durazno.studio\/en\/wp-json\/wp\/v2\/types\/page"}],"author":[{"embeddable":true,"href":"https:\/\/durazno.studio\/en\/wp-json\/wp\/v2\/users\/1"}],"replies":[{"embeddable":true,"href":"https:\/\/durazno.studio\/en\/wp-json\/wp\/v2\/comments?post=246"}],"version-history":[{"count":5,"href":"https:\/\/durazno.studio\/en\/wp-json\/wp\/v2\/pages\/246\/revisions"}],"predecessor-version":[{"id":2714,"href":"https:\/\/durazno.studio\/en\/wp-json\/wp\/v2\/pages\/246\/revisions\/2714"}],"wp:attachment":[{"href":"https:\/\/durazno.studio\/en\/wp-json\/wp\/v2\/media?parent=246"}],"curies":[{"name":"wp","href":"https:\/\/api.w.org\/{rel}","templated":true}]}}