{"id":629,"date":"2021-02-04T18:53:12","date_gmt":"2021-02-04T18:53:12","guid":{"rendered":"https:\/\/durazno.studio\/sitio2021\/?page_id=629"},"modified":"2021-03-24T17:07:26","modified_gmt":"2021-03-24T17:07:26","slug":"terminosycondiciones","status":"publish","type":"page","link":"https:\/\/durazno.studio\/en\/terminosycondiciones\/","title":{"rendered":"Terms and conditions"},"content":{"rendered":"\t\t<div data-elementor-type=\"wp-page\" data-elementor-id=\"629\" class=\"elementor elementor-629\" data-elementor-post-type=\"page\">\n\t\t\t\t\t\t<section class=\"elementor-section elementor-top-section elementor-element elementor-element-8ac6a16 elementor-section-boxed elementor-section-height-default elementor-section-height-default\" data-id=\"8ac6a16\" data-element_type=\"section\" data-e-type=\"section\" data-settings=\"{&quot;motion_fx_motion_fx_scrolling&quot;:&quot;yes&quot;,&quot;motion_fx_translateY_effect&quot;:&quot;yes&quot;,&quot;motion_fx_translateY_speed&quot;:{&quot;unit&quot;:&quot;px&quot;,&quot;size&quot;:4,&quot;sizes&quot;:[]},&quot;motion_fx_translateY_affectedRange&quot;:{&quot;unit&quot;:&quot;%&quot;,&quot;size&quot;:&quot;&quot;,&quot;sizes&quot;:{&quot;start&quot;:0,&quot;end&quot;:100}},&quot;motion_fx_devices&quot;:[&quot;desktop&quot;,&quot;tablet&quot;,&quot;mobile&quot;]}\">\n\t\t\t\t\t\t<div class=\"elementor-container elementor-column-gap-default\">\n\t\t\t\t\t<div class=\"elementor-column elementor-col-100 elementor-top-column elementor-element elementor-element-95da3f3\" data-id=\"95da3f3\" data-element_type=\"column\" data-e-type=\"column\">\n\t\t\t<div class=\"elementor-widget-wrap elementor-element-populated\">\n\t\t\t\t\t\t<div class=\"elementor-element elementor-element-3fe3436 elementor-widget elementor-widget-text-editor\" data-id=\"3fe3436\" data-element_type=\"widget\" data-e-type=\"widget\" data-widget_type=\"text-editor.default\">\n\t\t\t\t<div class=\"elementor-widget-container\">\n\t\t\t\t\t\t\t\t\t<p>Esta p\u00e1gina web es propiedad de y est\u00e1 operada por Durazno Studio. Los T\u00e9rminos y Condiciones establecidos a continuaci\u00f3n establecen las obligaciones que el cliente (usted) asumir\u00e1 frente a Durazno Studio al contratar cualquiera de los servicios ofrecidos por \u00e9ste. Al contratar cualquiera de los servicios ofrecidos por Durazno Studio, usted acepta que ha le\u00eddo, entendido y manifestado su consentimiento en relaci\u00f3n con los siguientes T\u00e9rminos y Condiciones:<\/p>\t\t\t\t\t\t\t\t<\/div>\n\t\t\t\t<\/div>\n\t\t\t\t<div class=\"elementor-element elementor-element-bb0f802 elementor-widget elementor-widget-heading\" data-id=\"bb0f802\" data-element_type=\"widget\" data-e-type=\"widget\" data-widget_type=\"heading.default\">\n\t\t\t\t<div class=\"elementor-widget-container\">\n\t\t\t\t\t<h5 class=\"elementor-heading-title elementor-size-default\">1. Vigencia de presupuestos<\/h5>\t\t\t\t<\/div>\n\t\t\t\t<\/div>\n\t\t\t\t<div class=\"elementor-element elementor-element-03ce250 elementor-widget elementor-widget-text-editor\" data-id=\"03ce250\" data-element_type=\"widget\" data-e-type=\"widget\" data-widget_type=\"text-editor.default\">\n\t\t\t\t<div class=\"elementor-widget-container\">\n\t\t\t\t\t\t\t\t\t<p>Los presupuestos de Durazno Studio tienen una vigencia de 20 (veinte) d\u00edas h\u00e1biles contados a partir del d\u00eda en el que los mismos han sido enviados a usted por correo electr\u00f3nico, mensaje de texto, correo postal o cualquier otro medio elegido por Durazno Studio.<\/p>\t\t\t\t\t\t\t\t<\/div>\n\t\t\t\t<\/div>\n\t\t\t\t<div class=\"elementor-element elementor-element-73a73d9 elementor-widget elementor-widget-heading\" data-id=\"73a73d9\" data-element_type=\"widget\" data-e-type=\"widget\" data-widget_type=\"heading.default\">\n\t\t\t\t<div class=\"elementor-widget-container\">\n\t\t\t\t\t<h5 class=\"elementor-heading-title elementor-size-default\">2. Formas de pago y plazos<\/h5>\t\t\t\t<\/div>\n\t\t\t\t<\/div>\n\t\t\t\t<div class=\"elementor-element elementor-element-8b1b4bf elementor-widget elementor-widget-text-editor\" data-id=\"8b1b4bf\" data-element_type=\"widget\" data-e-type=\"widget\" data-widget_type=\"text-editor.default\">\n\t\t\t\t<div class=\"elementor-widget-container\">\n\t\t\t\t\t\t\t\t\t<p>Todos los pagos debidos por usted a Durazno Studio ser\u00e1n realizados \u00fanicamente a trav\u00e9s de transferencia bancaria, de acuerdo con los datos bancarios que ser\u00e1n proporcionados a usted por Durazno Studio.<\/p><p>En todos los servicios prestados por Durazno Studio, usted deber\u00e1 pagar un adelanto no reembolsable equivalente al 50% del precio total presupuestado.<\/p><p>Una vez terminados los servicios prestados por Durazno Studio, \u00e9ste subir\u00e1 el sitio web\u00a0<span style=\"color: var( --e-global-color-text );\">desarrollado realizado para usted a la web y dentro del plazo de 10 (diez) d\u00edas h\u00e1biles\u00a0<\/span><span style=\"color: var( --e-global-color-text );\">siguientes a esa fecha, usted deber\u00e1 pagar el 50% restante del precio total presupuestado.<\/span><\/p><p>Una vez transcurrido el plazo mencionado en el p\u00e1rrafo anterior sin que usted hubiera efectuado el pago debido a Durazno Studio, se cobrar\u00e1 un recargo del 10% (diez por ciento) sobre el saldo restante del precio total presupuesto. En caso de que transcurran 30 d\u00edas h\u00e1biles sin que el pago se haya efectuado y sin perjuicio de las acciones legales que correspondan, Durazno Studio suspender\u00e1 el sitio web desarrollado para usted hasta tanto se acredite el pago.<\/p><p>Los costos adicionales asociados a transferencias bancarias que se realicen por usted desde fuera de Uruguay, no ser\u00e1n incluidos en los presupuestos de Durazno Studio y usted deber\u00e1 hacerse cargo del pago de los mismos, de modo que Durazno Studio reciba el monto total presupuestado sin descuentos de ning\u00fan tipo.<\/p>\t\t\t\t\t\t\t\t<\/div>\n\t\t\t\t<\/div>\n\t\t\t\t<div class=\"elementor-element elementor-element-19414bc elementor-widget elementor-widget-heading\" data-id=\"19414bc\" data-element_type=\"widget\" data-e-type=\"widget\" data-widget_type=\"heading.default\">\n\t\t\t\t<div class=\"elementor-widget-container\">\n\t\t\t\t\t<h5 class=\"elementor-heading-title elementor-size-default\">3. Recepci\u00f3n de materiales<\/h5>\t\t\t\t<\/div>\n\t\t\t\t<\/div>\n\t\t\t\t<div class=\"elementor-element elementor-element-20834d6 elementor-widget elementor-widget-text-editor\" data-id=\"20834d6\" data-element_type=\"widget\" data-e-type=\"widget\" data-widget_type=\"text-editor.default\">\n\t\t\t\t<div class=\"elementor-widget-container\">\n\t\t\t\t\t\t\t\t\t<p>Antes de que Durazno Studio comience a prestar los servicios contratados, usted deber\u00e1 enviar toda la informaci\u00f3n, elementos y archivos necesarios (textos, im\u00e1genes, videos, logos, especificaciones de colores y dise\u00f1o, etc.) para que Durazno Studio est\u00e9 en condiciones de poder cumplir con el servicio solicitado en el plazo establecido en el presupuesto aceptado por usted.<\/p>\t\t\t\t\t\t\t\t<\/div>\n\t\t\t\t<\/div>\n\t\t\t\t<div class=\"elementor-element elementor-element-58ecc11 elementor-widget elementor-widget-heading\" data-id=\"58ecc11\" data-element_type=\"widget\" data-e-type=\"widget\" data-widget_type=\"heading.default\">\n\t\t\t\t<div class=\"elementor-widget-container\">\n\t\t\t\t\t<h5 class=\"elementor-heading-title elementor-size-default\">4. Plazo de desarrollo<\/h5>\t\t\t\t<\/div>\n\t\t\t\t<\/div>\n\t\t\t\t<div class=\"elementor-element elementor-element-294aeaa elementor-widget elementor-widget-text-editor\" data-id=\"294aeaa\" data-element_type=\"widget\" data-e-type=\"widget\" data-widget_type=\"text-editor.default\">\n\t\t\t\t<div class=\"elementor-widget-container\">\n\t\t\t\t\t\t\t\t\t<p>El plazo con el que Durazno Studio contar\u00e1 para realizar el desarrollo contratado por usted ser\u00e1 el establecido en el presupuesto, de conformidad con lo establecido en el p\u00e1rrafo 1. anterior, y comenzar\u00e1 a contar a partir de que usted haya efectuado el pago del adelanto mencionado en el p\u00e1rrafo 2 y enviado toda la informaci\u00f3n, elementos y archivos necesarios mencionados en el p\u00e1rrafo 3.<\/p>\t\t\t\t\t\t\t\t<\/div>\n\t\t\t\t<\/div>\n\t\t\t\t<div class=\"elementor-element elementor-element-7267b68 elementor-widget elementor-widget-heading\" data-id=\"7267b68\" data-element_type=\"widget\" data-e-type=\"widget\" data-widget_type=\"heading.default\">\n\t\t\t\t<div class=\"elementor-widget-container\">\n\t\t\t\t\t<h5 class=\"elementor-heading-title elementor-size-default\">5. Soporte<\/h5>\t\t\t\t<\/div>\n\t\t\t\t<\/div>\n\t\t\t\t<div class=\"elementor-element elementor-element-e11163e elementor-widget elementor-widget-text-editor\" data-id=\"e11163e\" data-element_type=\"widget\" data-e-type=\"widget\" data-widget_type=\"text-editor.default\">\n\t\t\t\t<div class=\"elementor-widget-container\">\n\t\t\t\t\t\t\t\t\t<p>Una vez Durazno Studio suba el sitio web desarrollado para usted a la web, de acuerdo con lo establecido en el p\u00e1rrafo 2, Durazno Studio le enviar\u00e1 a usted instructivos (en PDF o video) sobre c\u00f3mo administrar su p\u00e1gina en caso de necesitar permisos de edici\u00f3n.<br \/>En caso de que usted, adem\u00e1s de los servicios de desarrollo, contrate con Durazno Studio los servicios de mantenimiento y hosting, Durazno Studio ser\u00e1 el responsable de mantener el sitio y sus componentes actualizados y funcionando durante el per\u00edodo que se contrate este servicio. Durazno Studio estar\u00e1 disponible para tareas de mantenimiento y soporte t\u00e9cnico de lunes a viernes, de 10:00 a 20:00 hs. (hora de Uruguay &#8211; GMT-3).<\/p>\t\t\t\t\t\t\t\t<\/div>\n\t\t\t\t<\/div>\n\t\t\t\t<div class=\"elementor-element elementor-element-9527a79 elementor-widget elementor-widget-heading\" data-id=\"9527a79\" data-element_type=\"widget\" data-e-type=\"widget\" data-widget_type=\"heading.default\">\n\t\t\t\t<div class=\"elementor-widget-container\">\n\t\t\t\t\t<h5 class=\"elementor-heading-title elementor-size-default\">6. Contenido restringido<\/h5>\t\t\t\t<\/div>\n\t\t\t\t<\/div>\n\t\t\t\t<div class=\"elementor-element elementor-element-0bd35c5 elementor-widget elementor-widget-text-editor\" data-id=\"0bd35c5\" data-element_type=\"widget\" data-e-type=\"widget\" data-widget_type=\"text-editor.default\">\n\t\t\t\t<div class=\"elementor-widget-container\">\n\t\t\t\t\t\t\t\t\t<p>Durazno Studio podr\u00e1, a su entera discreci\u00f3n, suspender o cancelar el desarrollo realizado para usted o cualquiera de sus servicios si constate que aqu\u00e9l o \u00e9stos est\u00e1n relacionados con cualquier tipo de actividad ilegal o que promueva cualquier tipo de discurso de odio o discriminaci\u00f3n. La decisi\u00f3n de Durazno Studio le ser\u00e1 oportunamente comunicada.<\/p>\t\t\t\t\t\t\t\t<\/div>\n\t\t\t\t<\/div>\n\t\t\t\t<div class=\"elementor-element elementor-element-fdc526a elementor-widget elementor-widget-heading\" data-id=\"fdc526a\" data-element_type=\"widget\" data-e-type=\"widget\" data-widget_type=\"heading.default\">\n\t\t\t\t<div class=\"elementor-widget-container\">\n\t\t\t\t\t<h5 class=\"elementor-heading-title elementor-size-default\">7. Confidencialidad<\/h5>\t\t\t\t<\/div>\n\t\t\t\t<\/div>\n\t\t\t\t<div class=\"elementor-element elementor-element-3f08db2 elementor-widget elementor-widget-text-editor\" data-id=\"3f08db2\" data-element_type=\"widget\" data-e-type=\"widget\" data-widget_type=\"text-editor.default\">\n\t\t\t\t<div class=\"elementor-widget-container\">\n\t\t\t\t\t\t\t\t\t<p>Durazno Studio mantiene un estricto r\u00e9gimen de confidencialidad por lo que cualquier dato brindado por usted, relacionado con las prestaci\u00f3n de sus servicios y vinculado con la empresa, sus empleados, credenciales de acceso a sistemas internos, entre otros, nunca<br \/>ser\u00e1n divulgados a terceros, excepto cuando exista una orden judicial, dictada por una autoridad competente, que as\u00ed lo ordene.<\/p>\t\t\t\t\t\t\t\t<\/div>\n\t\t\t\t<\/div>\n\t\t\t\t\t<\/div>\n\t\t<\/div>\n\t\t\t\t\t<\/div>\n\t\t<\/section>\n\t\t\t\t<\/div>\n\t\t","protected":false},"excerpt":{"rendered":"<p>Esta p\u00e1gina web es propiedad de y est\u00e1 operada por Durazno Studio. Los T\u00e9rminos y Condiciones establecidos a continuaci\u00f3n establecen las obligaciones que el cliente (usted) asumir\u00e1 frente a Durazno Studio al contratar cualquiera de los servicios ofrecidos por \u00e9ste. Al contratar cualquiera de los servicios ofrecidos por Durazno Studio, usted acepta que ha le\u00eddo, [&hellip;]<\/p>\n","protected":false},"author":1,"featured_media":0,"parent":0,"menu_order":0,"comment_status":"closed","ping_status":"closed","template":"elementor_theme","meta":{"nf_dc_page":"","_monsterinsights_skip_tracking":false,"_monsterinsights_sitenote_active":false,"_monsterinsights_sitenote_note":"","_monsterinsights_sitenote_category":0,"footnotes":""},"class_list":["post-629","page","type-page","status-publish","hentry"],"yoast_head":"<!-- This site is optimized with the Yoast SEO plugin v27.3 - https:\/\/yoast.com\/product\/yoast-seo-wordpress\/ -->\n<title>T\u00e9rminos Y Condiciones - Durazno Studio<\/title>\n<meta name=\"robots\" content=\"index, follow, max-snippet:-1, max-image-preview:large, max-video-preview:-1\" \/>\n<link rel=\"canonical\" href=\"https:\/\/durazno.studio\/en\/terminosycondiciones\/\" \/>\n<meta property=\"og:locale\" content=\"en_US\" \/>\n<meta property=\"og:type\" content=\"article\" \/>\n<meta property=\"og:title\" content=\"T\u00e9rminos Y Condiciones - Durazno Studio\" \/>\n<meta property=\"og:description\" content=\"Esta p\u00e1gina web es propiedad de y est\u00e1 operada por Durazno Studio. Los T\u00e9rminos y Condiciones establecidos a continuaci\u00f3n establecen las obligaciones que el cliente (usted) asumir\u00e1 frente a Durazno Studio al contratar cualquiera de los servicios ofrecidos por \u00e9ste. Al contratar cualquiera de los servicios ofrecidos por Durazno Studio, usted acepta que ha le\u00eddo, [&hellip;]\" \/>\n<meta property=\"og:url\" content=\"https:\/\/durazno.studio\/en\/terminosycondiciones\/\" \/>\n<meta property=\"og:site_name\" content=\"Durazno Studio\" \/>\n<meta property=\"article:modified_time\" content=\"2021-03-24T17:07:26+00:00\" \/>\n<meta property=\"og:image\" content=\"https:\/\/durazno.studio\/wp-content\/uploads\/2021\/05\/pp.jpg\" \/>\n\t<meta property=\"og:image:width\" content=\"640\" \/>\n\t<meta property=\"og:image:height\" content=\"640\" \/>\n\t<meta property=\"og:image:type\" content=\"image\/jpeg\" \/>\n<meta name=\"twitter:card\" content=\"summary_large_image\" \/>\n<meta name=\"twitter:label1\" content=\"Est. reading time\" \/>\n\t<meta name=\"twitter:data1\" content=\"4 minutes\" \/>\n<script type=\"application\/ld+json\" class=\"yoast-schema-graph\">{\"@context\":\"https:\\\/\\\/schema.org\",\"@graph\":[{\"@type\":\"WebPage\",\"@id\":\"https:\\\/\\\/durazno.studio\\\/terminosycondiciones\\\/\",\"url\":\"https:\\\/\\\/durazno.studio\\\/terminosycondiciones\\\/\",\"name\":\"T\u00e9rminos Y Condiciones - Durazno Studio\",\"isPartOf\":{\"@id\":\"https:\\\/\\\/durazno.studio\\\/#website\"},\"datePublished\":\"2021-02-04T18:53:12+00:00\",\"dateModified\":\"2021-03-24T17:07:26+00:00\",\"breadcrumb\":{\"@id\":\"https:\\\/\\\/durazno.studio\\\/terminosycondiciones\\\/#breadcrumb\"},\"inLanguage\":\"en-US\",\"potentialAction\":[{\"@type\":\"ReadAction\",\"target\":[\"https:\\\/\\\/durazno.studio\\\/terminosycondiciones\\\/\"]}]},{\"@type\":\"BreadcrumbList\",\"@id\":\"https:\\\/\\\/durazno.studio\\\/terminosycondiciones\\\/#breadcrumb\",\"itemListElement\":[{\"@type\":\"ListItem\",\"position\":1,\"name\":\"Home\",\"item\":\"https:\\\/\\\/durazno.studio\\\/\"},{\"@type\":\"ListItem\",\"position\":2,\"name\":\"T\u00e9rminos Y Condiciones\"}]},{\"@type\":\"WebSite\",\"@id\":\"https:\\\/\\\/durazno.studio\\\/#website\",\"url\":\"https:\\\/\\\/durazno.studio\\\/\",\"name\":\"Durazno Studio\",\"description\":\"Donde las ideas se hacen digitales\",\"publisher\":{\"@id\":\"https:\\\/\\\/durazno.studio\\\/#organization\"},\"potentialAction\":[{\"@type\":\"SearchAction\",\"target\":{\"@type\":\"EntryPoint\",\"urlTemplate\":\"https:\\\/\\\/durazno.studio\\\/?s={search_term_string}\"},\"query-input\":{\"@type\":\"PropertyValueSpecification\",\"valueRequired\":true,\"valueName\":\"search_term_string\"}}],\"inLanguage\":\"en-US\"},{\"@type\":\"Organization\",\"@id\":\"https:\\\/\\\/durazno.studio\\\/#organization\",\"name\":\"Durazno.Studio\",\"url\":\"https:\\\/\\\/durazno.studio\\\/\",\"logo\":{\"@type\":\"ImageObject\",\"inLanguage\":\"en-US\",\"@id\":\"https:\\\/\\\/durazno.studio\\\/#\\\/schema\\\/logo\\\/image\\\/\",\"url\":\"https:\\\/\\\/durazno.studio\\\/wp-content\\\/uploads\\\/2021\\\/02\\\/logo-negro-04.png\",\"contentUrl\":\"https:\\\/\\\/durazno.studio\\\/wp-content\\\/uploads\\\/2021\\\/02\\\/logo-negro-04.png\",\"width\":2083,\"height\":615,\"caption\":\"Durazno.Studio\"},\"image\":{\"@id\":\"https:\\\/\\\/durazno.studio\\\/#\\\/schema\\\/logo\\\/image\\\/\"},\"sameAs\":[\"https:\\\/\\\/www.instagram.com\\\/durazno_studio\"]}]}<\/script>\n<!-- \/ Yoast SEO plugin. -->","yoast_head_json":{"title":"T\u00e9rminos Y Condiciones - Durazno Studio","robots":{"index":"index","follow":"follow","max-snippet":"max-snippet:-1","max-image-preview":"max-image-preview:large","max-video-preview":"max-video-preview:-1"},"canonical":"https:\/\/durazno.studio\/en\/terminosycondiciones\/","og_locale":"en_US","og_type":"article","og_title":"T\u00e9rminos Y Condiciones - Durazno Studio","og_description":"Esta p\u00e1gina web es propiedad de y est\u00e1 operada por Durazno Studio. Los T\u00e9rminos y Condiciones establecidos a continuaci\u00f3n establecen las obligaciones que el cliente (usted) asumir\u00e1 frente a Durazno Studio al contratar cualquiera de los servicios ofrecidos por \u00e9ste. Al contratar cualquiera de los servicios ofrecidos por Durazno Studio, usted acepta que ha le\u00eddo, [&hellip;]","og_url":"https:\/\/durazno.studio\/en\/terminosycondiciones\/","og_site_name":"Durazno Studio","article_modified_time":"2021-03-24T17:07:26+00:00","og_image":[{"width":640,"height":640,"url":"https:\/\/durazno.studio\/wp-content\/uploads\/2021\/05\/pp.jpg","type":"image\/jpeg"}],"twitter_card":"summary_large_image","twitter_misc":{"Est. reading time":"4 minutes"},"schema":{"@context":"https:\/\/schema.org","@graph":[{"@type":"WebPage","@id":"https:\/\/durazno.studio\/terminosycondiciones\/","url":"https:\/\/durazno.studio\/terminosycondiciones\/","name":"T\u00e9rminos Y Condiciones - Durazno Studio","isPartOf":{"@id":"https:\/\/durazno.studio\/#website"},"datePublished":"2021-02-04T18:53:12+00:00","dateModified":"2021-03-24T17:07:26+00:00","breadcrumb":{"@id":"https:\/\/durazno.studio\/terminosycondiciones\/#breadcrumb"},"inLanguage":"en-US","potentialAction":[{"@type":"ReadAction","target":["https:\/\/durazno.studio\/terminosycondiciones\/"]}]},{"@type":"BreadcrumbList","@id":"https:\/\/durazno.studio\/terminosycondiciones\/#breadcrumb","itemListElement":[{"@type":"ListItem","position":1,"name":"Home","item":"https:\/\/durazno.studio\/"},{"@type":"ListItem","position":2,"name":"T\u00e9rminos Y Condiciones"}]},{"@type":"WebSite","@id":"https:\/\/durazno.studio\/#website","url":"https:\/\/durazno.studio\/","name":"Durazno Studio","description":"Donde las ideas se hacen digitales","publisher":{"@id":"https:\/\/durazno.studio\/#organization"},"potentialAction":[{"@type":"SearchAction","target":{"@type":"EntryPoint","urlTemplate":"https:\/\/durazno.studio\/?s={search_term_string}"},"query-input":{"@type":"PropertyValueSpecification","valueRequired":true,"valueName":"search_term_string"}}],"inLanguage":"en-US"},{"@type":"Organization","@id":"https:\/\/durazno.studio\/#organization","name":"Durazno.Studio","url":"https:\/\/durazno.studio\/","logo":{"@type":"ImageObject","inLanguage":"en-US","@id":"https:\/\/durazno.studio\/#\/schema\/logo\/image\/","url":"https:\/\/durazno.studio\/wp-content\/uploads\/2021\/02\/logo-negro-04.png","contentUrl":"https:\/\/durazno.studio\/wp-content\/uploads\/2021\/02\/logo-negro-04.png","width":2083,"height":615,"caption":"Durazno.Studio"},"image":{"@id":"https:\/\/durazno.studio\/#\/schema\/logo\/image\/"},"sameAs":["https:\/\/www.instagram.com\/durazno_studio"]}]}},"_links":{"self":[{"href":"https:\/\/durazno.studio\/en\/wp-json\/wp\/v2\/pages\/629","targetHints":{"allow":["GET"]}}],"collection":[{"href":"https:\/\/durazno.studio\/en\/wp-json\/wp\/v2\/pages"}],"about":[{"href":"https:\/\/durazno.studio\/en\/wp-json\/wp\/v2\/types\/page"}],"author":[{"embeddable":true,"href":"https:\/\/durazno.studio\/en\/wp-json\/wp\/v2\/users\/1"}],"replies":[{"embeddable":true,"href":"https:\/\/durazno.studio\/en\/wp-json\/wp\/v2\/comments?post=629"}],"version-history":[{"count":7,"href":"https:\/\/durazno.studio\/en\/wp-json\/wp\/v2\/pages\/629\/revisions"}],"predecessor-version":[{"id":2805,"href":"https:\/\/durazno.studio\/en\/wp-json\/wp\/v2\/pages\/629\/revisions\/2805"}],"wp:attachment":[{"href":"https:\/\/durazno.studio\/en\/wp-json\/wp\/v2\/media?parent=629"}],"curies":[{"name":"wp","href":"https:\/\/api.w.org\/{rel}","templated":true}]}}